{"id":183,"date":"2014-03-07T20:52:30","date_gmt":"2014-03-07T18:52:30","guid":{"rendered":"http:\/\/www.windemuth-osterloh.de\/?page_id=183"},"modified":"2014-03-24T19:40:39","modified_gmt":"2014-03-24T17:40:39","slug":"wer-bin-ich-und-wieviele","status":"publish","type":"page","link":"https:\/\/www.windemuth-osterloh.de\/?page_id=183","title":{"rendered":"Wer bin ich und wieviele"},"content":{"rendered":"<p><!-- index.php -->\n<div\n\tclass=\"ngg-galleryoverview ngg-ajax-pagination-none\"\n\tid=\"ngg-gallery-229-1\">\n\n    \t\t<!-- Thumbnails -->\n\t\t\t\t<div id=\"ngg-image-0\" class=\"ngg-gallery-thumbnail-box\" >\n\t\t\t\t        <div class=\"ngg-gallery-thumbnail\">\n            <a href=\"https:\/\/www.windemuth-osterloh.de\/wp-content\/gallery\/skulpt-werbinich\/CIMG0004.jpg\"\n               title=\"\"\n               data-src=\"https:\/\/www.windemuth-osterloh.de\/wp-content\/gallery\/skulpt-werbinich\/CIMG0004.jpg\"\n               data-thumbnail=\"https:\/\/www.windemuth-osterloh.de\/wp-content\/gallery\/skulpt-werbinich\/thumbs\/thumbs_CIMG0004.jpg\"\n               data-image-id=\"102\"\n               data-title=\"CIMG0004\"\n               data-description=\"\"\n               data-image-slug=\"cimg0004\"\n               class=\"ngg-fancybox\" rel=\"229\">\n                <img\n                    title=\"CIMG0004\"\n                    alt=\"CIMG0004\"\n                    src=\"https:\/\/www.windemuth-osterloh.de\/wp-content\/gallery\/skulpt-werbinich\/thumbs\/thumbs_CIMG0004.jpg\"\n                    width=\"120\"\n                    height=\"120\"\n                    style=\"max-width:100%;\"\n                \/>\n            <\/a>\n        <\/div>\n\t\t\t\t\t\t\t<\/div> \n\t\t\t\n        \n\t\t\t\t<div id=\"ngg-image-1\" class=\"ngg-gallery-thumbnail-box\" >\n\t\t\t\t        <div class=\"ngg-gallery-thumbnail\">\n            <a href=\"https:\/\/www.windemuth-osterloh.de\/wp-content\/gallery\/skulpt-werbinich\/CIMG0006.jpg\"\n               title=\"\"\n               data-src=\"https:\/\/www.windemuth-osterloh.de\/wp-content\/gallery\/skulpt-werbinich\/CIMG0006.jpg\"\n               data-thumbnail=\"https:\/\/www.windemuth-osterloh.de\/wp-content\/gallery\/skulpt-werbinich\/thumbs\/thumbs_CIMG0006.jpg\"\n               data-image-id=\"103\"\n               data-title=\"CIMG0006\"\n               data-description=\"\"\n               data-image-slug=\"cimg0006\"\n               class=\"ngg-fancybox\" rel=\"229\">\n                <img\n                    title=\"CIMG0006\"\n                    alt=\"CIMG0006\"\n                    src=\"https:\/\/www.windemuth-osterloh.de\/wp-content\/gallery\/skulpt-werbinich\/thumbs\/thumbs_CIMG0006.jpg\"\n                    width=\"120\"\n                    height=\"120\"\n                    style=\"max-width:100%;\"\n                \/>\n            <\/a>\n        <\/div>\n\t\t\t\t\t\t\t<\/div> \n\t\t\t\n        \n\t\t\t\t<div id=\"ngg-image-2\" class=\"ngg-gallery-thumbnail-box\" >\n\t\t\t\t        <div class=\"ngg-gallery-thumbnail\">\n            <a href=\"https:\/\/www.windemuth-osterloh.de\/wp-content\/gallery\/skulpt-werbinich\/CIMG0001.jpg\"\n               title=\"\"\n               data-src=\"https:\/\/www.windemuth-osterloh.de\/wp-content\/gallery\/skulpt-werbinich\/CIMG0001.jpg\"\n               data-thumbnail=\"https:\/\/www.windemuth-osterloh.de\/wp-content\/gallery\/skulpt-werbinich\/thumbs\/thumbs_CIMG0001.jpg\"\n               data-image-id=\"122\"\n               data-title=\"CIMG0001\"\n               data-description=\"\"\n               data-image-slug=\"cimg0001-1\"\n               class=\"ngg-fancybox\" rel=\"229\">\n                <img\n                    title=\"CIMG0001\"\n                    alt=\"CIMG0001\"\n                    src=\"https:\/\/www.windemuth-osterloh.de\/wp-content\/gallery\/skulpt-werbinich\/thumbs\/thumbs_CIMG0001.jpg\"\n                    width=\"120\"\n                    height=\"120\"\n                    style=\"max-width:100%;\"\n                \/>\n            <\/a>\n        <\/div>\n\t\t\t\t\t\t\t<\/div> \n\t\t\t\n        \n\t\t\t\t<div id=\"ngg-image-3\" class=\"ngg-gallery-thumbnail-box\" >\n\t\t\t\t        <div class=\"ngg-gallery-thumbnail\">\n            <a href=\"https:\/\/www.windemuth-osterloh.de\/wp-content\/gallery\/skulpt-werbinich\/CIMG0020-Ku%CC%88fo.jpg\"\n               title=\"\"\n               data-src=\"https:\/\/www.windemuth-osterloh.de\/wp-content\/gallery\/skulpt-werbinich\/CIMG0020-Ku%CC%88fo.jpg\"\n               data-thumbnail=\"https:\/\/www.windemuth-osterloh.de\/wp-content\/gallery\/skulpt-werbinich\/thumbs\/thumbs_CIMG0020-Ku%CC%88fo.jpg\"\n               data-image-id=\"123\"\n               data-title=\"CIMG0020 Ku\u0308fo\"\n               data-description=\"\"\n               data-image-slug=\"cimg0020-ku%cc%88fo-1\"\n               class=\"ngg-fancybox\" rel=\"229\">\n                <img\n                    title=\"CIMG0020 Ku\u0308fo\"\n                    alt=\"CIMG0020 Ku\u0308fo\"\n                    src=\"https:\/\/www.windemuth-osterloh.de\/wp-content\/gallery\/skulpt-werbinich\/thumbs\/thumbs_CIMG0020-Ku%CC%88fo.jpg\"\n                    width=\"120\"\n                    height=\"120\"\n                    style=\"max-width:100%;\"\n                \/>\n            <\/a>\n        <\/div>\n\t\t\t\t\t\t\t<\/div> \n\t\t\t\n        \n\t\t\n\t\t<!-- Pagination -->\n\t<div class='ngg-clear'><\/div>\t<\/div>\n<\/p>\n<p>&#8222;\u2026Ist es ein Antlitz oder schauen einem doch nicht vielleicht zwei Gesichter entgegen? Das Gesicht wirkt auf den Betrachter erst einmal irritierend und verst\u00f6rend, ohne dass man sofort erkennt woran es liegt. Bei genauerer Betrachtung entdeckt man \u00a0kleine Ver\u00e4nderungen, wie beispielsweise ein linkes Schlupflid und ein rechtes normales Lid. Kleine Akzente verdeutlichen den Unterschied zwischen den beiden Gesichtsh\u00e4lften und lassen es extravagant erscheinen. Das Geheimnis liegt darin begr\u00fcndet, dass zwei Studentinnen, eine zwanzig und eine vierzig Jahre alt, \u00a0f\u00fcr dieses plastische Portrait Modell gestanden haben, eine f\u00fcr die linke und eine f\u00fcr die rechte Gesichtsh\u00e4lfte. Die Herausforderung bestand darin,\u00a0 aus den unterschiedlichen H\u00e4lften ein\u00a0 neues Gesicht zu\u00a0 schaffen das den Altersunterschied nicht erkennen l\u00e4sst und ein harmonisches Bild ergibt\u2026&#8220;<\/p>\n<p>Auszugsweise , Bonner Generalanzeiger<\/p>\n","protected":false},"excerpt":{"rendered":"<p>&#8222;\u2026Ist es ein Antlitz oder schauen einem doch nicht vielleicht zwei Gesichter entgegen? Das Gesicht wirkt auf den Betrachter erst einmal irritierend und verst\u00f6rend, ohne dass man sofort erkennt woran es liegt. Bei genauerer Betrachtung entdeckt man \u00a0kleine Ver\u00e4nderungen, wie beispielsweise ein linkes Schlupflid und ein rechtes normales Lid. Kleine Akzente verdeutlichen den Unterschied zwischen [&hellip;]<\/p>\n","protected":false},"author":1,"featured_media":0,"parent":4,"menu_order":80,"comment_status":"closed","ping_status":"open","template":"","meta":{"ngg_post_thumbnail":0},"_links":{"self":[{"href":"https:\/\/www.windemuth-osterloh.de\/index.php?rest_route=\/wp\/v2\/pages\/183"}],"collection":[{"href":"https:\/\/www.windemuth-osterloh.de\/index.php?rest_route=\/wp\/v2\/pages"}],"about":[{"href":"https:\/\/www.windemuth-osterloh.de\/index.php?rest_route=\/wp\/v2\/types\/page"}],"author":[{"embeddable":true,"href":"https:\/\/www.windemuth-osterloh.de\/index.php?rest_route=\/wp\/v2\/users\/1"}],"replies":[{"embeddable":true,"href":"https:\/\/www.windemuth-osterloh.de\/index.php?rest_route=%2Fwp%2Fv2%2Fcomments&post=183"}],"version-history":[{"count":3,"href":"https:\/\/www.windemuth-osterloh.de\/index.php?rest_route=\/wp\/v2\/pages\/183\/revisions"}],"predecessor-version":[{"id":303,"href":"https:\/\/www.windemuth-osterloh.de\/index.php?rest_route=\/wp\/v2\/pages\/183\/revisions\/303"}],"up":[{"embeddable":true,"href":"https:\/\/www.windemuth-osterloh.de\/index.php?rest_route=\/wp\/v2\/pages\/4"}],"wp:attachment":[{"href":"https:\/\/www.windemuth-osterloh.de\/index.php?rest_route=%2Fwp%2Fv2%2Fmedia&parent=183"}],"curies":[{"name":"wp","href":"https:\/\/api.w.org\/{rel}","templated":true}]}}