{"id":161,"date":"2014-03-03T20:24:39","date_gmt":"2014-03-03T18:24:39","guid":{"rendered":"http:\/\/www.windemuth-osterloh.de\/?page_id=161"},"modified":"2014-04-02T18:28:54","modified_gmt":"2014-04-02T16:28:54","slug":"abgeschoben","status":"publish","type":"page","link":"https:\/\/www.windemuth-osterloh.de\/?page_id=161","title":{"rendered":"Abgeschoben"},"content":{"rendered":"<p><!-- index.php -->\n<div\n\tclass=\"ngg-galleryoverview ngg-ajax-pagination-none\"\n\tid=\"ngg-gallery-162-1\">\n\n    \t\t<!-- Thumbnails -->\n\t\t\t\t<div id=\"ngg-image-0\" class=\"ngg-gallery-thumbnail-box\" >\n\t\t\t\t        <div class=\"ngg-gallery-thumbnail\">\n            <a href=\"https:\/\/www.windemuth-osterloh.de\/wp-content\/gallery\/skulpt-abgeschoben\/0_cimg0016.jpg\"\n               title=\"\"\n               data-src=\"https:\/\/www.windemuth-osterloh.de\/wp-content\/gallery\/skulpt-abgeschoben\/0_cimg0016.jpg\"\n               data-thumbnail=\"https:\/\/www.windemuth-osterloh.de\/wp-content\/gallery\/skulpt-abgeschoben\/thumbs\/thumbs_0_cimg0016.jpg\"\n               data-image-id=\"61\"\n               data-title=\"0_cimg0016\"\n               data-description=\"\"\n               data-image-slug=\"0_cimg0016\"\n               class=\"ngg-fancybox\" rel=\"162\">\n                <img\n                    title=\"0_cimg0016\"\n                    alt=\"0_cimg0016\"\n                    src=\"https:\/\/www.windemuth-osterloh.de\/wp-content\/gallery\/skulpt-abgeschoben\/thumbs\/thumbs_0_cimg0016.jpg\"\n                    width=\"120\"\n                    height=\"120\"\n                    style=\"max-width:100%;\"\n                \/>\n            <\/a>\n        <\/div>\n\t\t\t\t\t\t\t<\/div> \n\t\t\t\n        \n\t\t\t\t<div id=\"ngg-image-1\" class=\"ngg-gallery-thumbnail-box\" >\n\t\t\t\t        <div class=\"ngg-gallery-thumbnail\">\n            <a href=\"https:\/\/www.windemuth-osterloh.de\/wp-content\/gallery\/skulpt-abgeschoben\/1_afrikaner_1.jpg\"\n               title=\"\"\n               data-src=\"https:\/\/www.windemuth-osterloh.de\/wp-content\/gallery\/skulpt-abgeschoben\/1_afrikaner_1.jpg\"\n               data-thumbnail=\"https:\/\/www.windemuth-osterloh.de\/wp-content\/gallery\/skulpt-abgeschoben\/thumbs\/thumbs_1_afrikaner_1.jpg\"\n               data-image-id=\"62\"\n               data-title=\"1_afrikaner_1\"\n               data-description=\"\"\n               data-image-slug=\"1_afrikaner_1\"\n               class=\"ngg-fancybox\" rel=\"162\">\n                <img\n                    title=\"1_afrikaner_1\"\n                    alt=\"1_afrikaner_1\"\n                    src=\"https:\/\/www.windemuth-osterloh.de\/wp-content\/gallery\/skulpt-abgeschoben\/thumbs\/thumbs_1_afrikaner_1.jpg\"\n                    width=\"120\"\n                    height=\"120\"\n                    style=\"max-width:100%;\"\n                \/>\n            <\/a>\n        <\/div>\n\t\t\t\t\t\t\t<\/div> \n\t\t\t\n        \n\t\t\t\t<div id=\"ngg-image-2\" class=\"ngg-gallery-thumbnail-box\" >\n\t\t\t\t        <div class=\"ngg-gallery-thumbnail\">\n            <a href=\"https:\/\/www.windemuth-osterloh.de\/wp-content\/gallery\/skulpt-abgeschoben\/2_merten14-09.jpg\"\n               title=\"\"\n               data-src=\"https:\/\/www.windemuth-osterloh.de\/wp-content\/gallery\/skulpt-abgeschoben\/2_merten14-09.jpg\"\n               data-thumbnail=\"https:\/\/www.windemuth-osterloh.de\/wp-content\/gallery\/skulpt-abgeschoben\/thumbs\/thumbs_2_merten14-09.jpg\"\n               data-image-id=\"63\"\n               data-title=\"2_merten14-09\"\n               data-description=\"\"\n               data-image-slug=\"2_merten14-09\"\n               class=\"ngg-fancybox\" rel=\"162\">\n                <img\n                    title=\"2_merten14-09\"\n                    alt=\"2_merten14-09\"\n                    src=\"https:\/\/www.windemuth-osterloh.de\/wp-content\/gallery\/skulpt-abgeschoben\/thumbs\/thumbs_2_merten14-09.jpg\"\n                    width=\"120\"\n                    height=\"120\"\n                    style=\"max-width:100%;\"\n                \/>\n            <\/a>\n        <\/div>\n\t\t\t\t\t\t\t<\/div> \n\t\t\t\n        \n\t\t\t\t<div id=\"ngg-image-3\" class=\"ngg-gallery-thumbnail-box\" >\n\t\t\t\t        <div class=\"ngg-gallery-thumbnail\">\n            <a href=\"https:\/\/www.windemuth-osterloh.de\/wp-content\/gallery\/skulpt-abgeschoben\/3_merten16-09.jpg\"\n               title=\"\"\n               data-src=\"https:\/\/www.windemuth-osterloh.de\/wp-content\/gallery\/skulpt-abgeschoben\/3_merten16-09.jpg\"\n               data-thumbnail=\"https:\/\/www.windemuth-osterloh.de\/wp-content\/gallery\/skulpt-abgeschoben\/thumbs\/thumbs_3_merten16-09.jpg\"\n               data-image-id=\"64\"\n               data-title=\"3_merten16-09\"\n               data-description=\"\"\n               data-image-slug=\"3_merten16-09\"\n               class=\"ngg-fancybox\" rel=\"162\">\n                <img\n                    title=\"3_merten16-09\"\n                    alt=\"3_merten16-09\"\n                    src=\"https:\/\/www.windemuth-osterloh.de\/wp-content\/gallery\/skulpt-abgeschoben\/thumbs\/thumbs_3_merten16-09.jpg\"\n                    width=\"120\"\n                    height=\"120\"\n                    style=\"max-width:100%;\"\n                \/>\n            <\/a>\n        <\/div>\n\t\t\t\t\t\t\t<\/div> \n\t\t\t\n        \n\t\t\t\t<div id=\"ngg-image-4\" class=\"ngg-gallery-thumbnail-box\" >\n\t\t\t\t        <div class=\"ngg-gallery-thumbnail\">\n            <a href=\"https:\/\/www.windemuth-osterloh.de\/wp-content\/gallery\/skulpt-abgeschoben\/CIMG0017-ag.jpg\"\n               title=\"\"\n               data-src=\"https:\/\/www.windemuth-osterloh.de\/wp-content\/gallery\/skulpt-abgeschoben\/CIMG0017-ag.jpg\"\n               data-thumbnail=\"https:\/\/www.windemuth-osterloh.de\/wp-content\/gallery\/skulpt-abgeschoben\/thumbs\/thumbs_CIMG0017-ag.jpg\"\n               data-image-id=\"158\"\n               data-title=\"CIMG0017-ag\"\n               data-description=\"\"\n               data-image-slug=\"cimg0017-ag\"\n               class=\"ngg-fancybox\" rel=\"162\">\n                <img\n                    title=\"CIMG0017-ag\"\n                    alt=\"CIMG0017-ag\"\n                    src=\"https:\/\/www.windemuth-osterloh.de\/wp-content\/gallery\/skulpt-abgeschoben\/thumbs\/thumbs_CIMG0017-ag.jpg\"\n                    width=\"120\"\n                    height=\"120\"\n                    style=\"max-width:100%;\"\n                \/>\n            <\/a>\n        <\/div>\n\t\t\t\t\t\t\t<\/div> \n\t\t\t\n        \n\t\t\n\t\t<!-- Pagination -->\n\t<div class='ngg-clear'><\/div>\t<\/div>\n<\/p>\n<p>Es handelt sich um die unmenschliche Praxis der Abschiebehaft in Deutschland. Allein der Begriff Abschiebung ist menschenverachtend. Dieser wird aber ganz offiziell in der Politik und von den Medien eingesetzt.<\/p>\n<p>Bei meiner Recherche zum Thema Abschiebung erfuhr ich, dass Nato-Draht eingesetzt wird um Asylbewerber an der Flucht zu hindern. Nato-Draht auch \u201eSeelendraht\u201c genannt, ist weit gef\u00e4hrlicher als Stacheldraht, da die rasiermesser\u00e4hnlichen Schneiden st\u00e4rkere Verletzungen als die Stacheldrahtdornen verursachen.<\/p>\n<p>Das Abschiebegef\u00e4ngnis<b> <\/b>im Rheinland-pf\u00e4lzischen Ingelheim. Das Gel\u00e4nde ist von f\u00fcnf<b> <\/b>Metern hohen Betonmauern mit dreifachem Nato-Stacheldraht umgeben; zus\u00e4tzlich sorgen Metallz\u00e4une und vergitterte Fenster daf\u00fcr, dass hier niemand ausbrechen kann. Der sogenannte \u201eGewahrsam f\u00fcr Ausreisepflichtige\u201c, wie das Abschiebegef\u00e4ngnis Ingelheim hei\u00dft, ist\u00a0 eines der\u00a0 modernsten in der Republik. Es wurde 2001 in Betrieb genommen als Hochsicherheitstrakt. Doch sitzen hier keine gef\u00e4hrlichen\u00a0 Schwerkriminellen ein, sondern Menschen, deren einziges Verbrechen darin besteht, das Land nicht freiwillig verlassen zu wollen. Sie werden bei Nacht und Nebel von zu Hause\u00a0 abgeholt und hierher gebracht. Viele der Betroffenen haben Angst, in ihrem jeweiligen Herkunftsland Opfer von staatlicher Gewalt oder Menschenrechtsverletzungen zu werden. Andere leben schon seit Jahren in Deutschland, ihre Kinder gehen hier zur Schule und die Zukunft in ihrer Heimat, mit der sie nur noch der Pass verbindet, erscheint ihnen ungewiss.<\/p>\n","protected":false},"excerpt":{"rendered":"<p>Es handelt sich um die unmenschliche Praxis der Abschiebehaft in Deutschland. Allein der Begriff Abschiebung ist menschenverachtend. Dieser wird aber ganz offiziell in der Politik und von den Medien eingesetzt. Bei meiner Recherche zum Thema Abschiebung erfuhr ich, dass Nato-Draht eingesetzt wird um Asylbewerber an der Flucht zu hindern. Nato-Draht auch \u201eSeelendraht\u201c genannt, ist weit [&hellip;]<\/p>\n","protected":false},"author":1,"featured_media":0,"parent":4,"menu_order":70,"comment_status":"closed","ping_status":"closed","template":"","meta":{"ngg_post_thumbnail":0},"_links":{"self":[{"href":"https:\/\/www.windemuth-osterloh.de\/index.php?rest_route=\/wp\/v2\/pages\/161"}],"collection":[{"href":"https:\/\/www.windemuth-osterloh.de\/index.php?rest_route=\/wp\/v2\/pages"}],"about":[{"href":"https:\/\/www.windemuth-osterloh.de\/index.php?rest_route=\/wp\/v2\/types\/page"}],"author":[{"embeddable":true,"href":"https:\/\/www.windemuth-osterloh.de\/index.php?rest_route=\/wp\/v2\/users\/1"}],"replies":[{"embeddable":true,"href":"https:\/\/www.windemuth-osterloh.de\/index.php?rest_route=%2Fwp%2Fv2%2Fcomments&post=161"}],"version-history":[{"count":4,"href":"https:\/\/www.windemuth-osterloh.de\/index.php?rest_route=\/wp\/v2\/pages\/161\/revisions"}],"predecessor-version":[{"id":345,"href":"https:\/\/www.windemuth-osterloh.de\/index.php?rest_route=\/wp\/v2\/pages\/161\/revisions\/345"}],"up":[{"embeddable":true,"href":"https:\/\/www.windemuth-osterloh.de\/index.php?rest_route=\/wp\/v2\/pages\/4"}],"wp:attachment":[{"href":"https:\/\/www.windemuth-osterloh.de\/index.php?rest_route=%2Fwp%2Fv2%2Fmedia&parent=161"}],"curies":[{"name":"wp","href":"https:\/\/api.w.org\/{rel}","templated":true}]}}