{"id":152,"date":"2014-03-03T20:22:38","date_gmt":"2014-03-03T18:22:38","guid":{"rendered":"http:\/\/www.windemuth-osterloh.de\/?page_id=152"},"modified":"2014-03-24T19:37:11","modified_gmt":"2014-03-24T17:37:11","slug":"das-laecheln-stirbt-zuletzt","status":"publish","type":"page","link":"https:\/\/www.windemuth-osterloh.de\/?page_id=152","title":{"rendered":"Das L\u00e4cheln stirbt zuletzt"},"content":{"rendered":"<p><!-- index.php -->\n<div\n\tclass=\"ngg-galleryoverview ngg-ajax-pagination-none\"\n\tid=\"ngg-gallery-153-1\">\n\n    \t\t<!-- Thumbnails -->\n\t\t\t\t<div id=\"ngg-image-0\" class=\"ngg-gallery-thumbnail-box\" >\n\t\t\t\t        <div class=\"ngg-gallery-thumbnail\">\n            <a href=\"https:\/\/www.windemuth-osterloh.de\/wp-content\/gallery\/skulpt-daslaecheln\/1_frau_1-tif25-helligkeit.jpg\"\n               title=\"\"\n               data-src=\"https:\/\/www.windemuth-osterloh.de\/wp-content\/gallery\/skulpt-daslaecheln\/1_frau_1-tif25-helligkeit.jpg\"\n               data-thumbnail=\"https:\/\/www.windemuth-osterloh.de\/wp-content\/gallery\/skulpt-daslaecheln\/thumbs\/thumbs_1_frau_1-tif25-helligkeit.jpg\"\n               data-image-id=\"52\"\n               data-title=\"1_frau_1-tif25-helligkeit\"\n               data-description=\"\"\n               data-image-slug=\"1_frau_1-tif25-helligkeit\"\n               class=\"ngg-fancybox\" rel=\"153\">\n                <img\n                    title=\"1_frau_1-tif25-helligkeit\"\n                    alt=\"1_frau_1-tif25-helligkeit\"\n                    src=\"https:\/\/www.windemuth-osterloh.de\/wp-content\/gallery\/skulpt-daslaecheln\/thumbs\/thumbs_1_frau_1-tif25-helligkeit.jpg\"\n                    width=\"120\"\n                    height=\"120\"\n                    style=\"max-width:100%;\"\n                \/>\n            <\/a>\n        <\/div>\n\t\t\t\t\t\t\t<\/div> \n\t\t\t\n        \n\t\t\t\t<div id=\"ngg-image-1\" class=\"ngg-gallery-thumbnail-box\" >\n\t\t\t\t        <div class=\"ngg-gallery-thumbnail\">\n            <a href=\"https:\/\/www.windemuth-osterloh.de\/wp-content\/gallery\/skulpt-daslaecheln\/2_frau_2-tif.jpg\"\n               title=\"\"\n               data-src=\"https:\/\/www.windemuth-osterloh.de\/wp-content\/gallery\/skulpt-daslaecheln\/2_frau_2-tif.jpg\"\n               data-thumbnail=\"https:\/\/www.windemuth-osterloh.de\/wp-content\/gallery\/skulpt-daslaecheln\/thumbs\/thumbs_2_frau_2-tif.jpg\"\n               data-image-id=\"53\"\n               data-title=\"2_frau_2-tif\"\n               data-description=\"\"\n               data-image-slug=\"2_frau_2-tif\"\n               class=\"ngg-fancybox\" rel=\"153\">\n                <img\n                    title=\"2_frau_2-tif\"\n                    alt=\"2_frau_2-tif\"\n                    src=\"https:\/\/www.windemuth-osterloh.de\/wp-content\/gallery\/skulpt-daslaecheln\/thumbs\/thumbs_2_frau_2-tif.jpg\"\n                    width=\"120\"\n                    height=\"120\"\n                    style=\"max-width:100%;\"\n                \/>\n            <\/a>\n        <\/div>\n\t\t\t\t\t\t\t<\/div> \n\t\t\t\n        \n\t\t\t\t<div id=\"ngg-image-2\" class=\"ngg-gallery-thumbnail-box\" >\n\t\t\t\t        <div class=\"ngg-gallery-thumbnail\">\n            <a href=\"https:\/\/www.windemuth-osterloh.de\/wp-content\/gallery\/skulpt-daslaecheln\/3_frau_hande-tif25-helligkeit.jpg\"\n               title=\"\"\n               data-src=\"https:\/\/www.windemuth-osterloh.de\/wp-content\/gallery\/skulpt-daslaecheln\/3_frau_hande-tif25-helligkeit.jpg\"\n               data-thumbnail=\"https:\/\/www.windemuth-osterloh.de\/wp-content\/gallery\/skulpt-daslaecheln\/thumbs\/thumbs_3_frau_hande-tif25-helligkeit.jpg\"\n               data-image-id=\"75\"\n               data-title=\"3_frau_hande-tif25-helligkeit\"\n               data-description=\"\"\n               data-image-slug=\"3_frau_hande-tif25-helligkeit\"\n               class=\"ngg-fancybox\" rel=\"153\">\n                <img\n                    title=\"3_frau_hande-tif25-helligkeit\"\n                    alt=\"3_frau_hande-tif25-helligkeit\"\n                    src=\"https:\/\/www.windemuth-osterloh.de\/wp-content\/gallery\/skulpt-daslaecheln\/thumbs\/thumbs_3_frau_hande-tif25-helligkeit.jpg\"\n                    width=\"120\"\n                    height=\"120\"\n                    style=\"max-width:100%;\"\n                \/>\n            <\/a>\n        <\/div>\n\t\t\t\t\t\t\t<\/div> \n\t\t\t\n        \n\t\t\t\t<div id=\"ngg-image-3\" class=\"ngg-gallery-thumbnail-box\" >\n\t\t\t\t        <div class=\"ngg-gallery-thumbnail\">\n            <a href=\"https:\/\/www.windemuth-osterloh.de\/wp-content\/gallery\/skulpt-daslaecheln\/4_CIMG0046.jpg\"\n               title=\"\"\n               data-src=\"https:\/\/www.windemuth-osterloh.de\/wp-content\/gallery\/skulpt-daslaecheln\/4_CIMG0046.jpg\"\n               data-thumbnail=\"https:\/\/www.windemuth-osterloh.de\/wp-content\/gallery\/skulpt-daslaecheln\/thumbs\/thumbs_4_CIMG0046.jpg\"\n               data-image-id=\"120\"\n               data-title=\"4_CIMG0046\"\n               data-description=\"\"\n               data-image-slug=\"4_cimg0046\"\n               class=\"ngg-fancybox\" rel=\"153\">\n                <img\n                    title=\"4_CIMG0046\"\n                    alt=\"4_CIMG0046\"\n                    src=\"https:\/\/www.windemuth-osterloh.de\/wp-content\/gallery\/skulpt-daslaecheln\/thumbs\/thumbs_4_CIMG0046.jpg\"\n                    width=\"120\"\n                    height=\"120\"\n                    style=\"max-width:100%;\"\n                \/>\n            <\/a>\n        <\/div>\n\t\t\t\t\t\t\t<\/div> \n\t\t\t\n        \n\t\t\t\t<div id=\"ngg-image-4\" class=\"ngg-gallery-thumbnail-box\" >\n\t\t\t\t        <div class=\"ngg-gallery-thumbnail\">\n            <a href=\"https:\/\/www.windemuth-osterloh.de\/wp-content\/gallery\/skulpt-daslaecheln\/5_CIMG0048.jpg\"\n               title=\"\"\n               data-src=\"https:\/\/www.windemuth-osterloh.de\/wp-content\/gallery\/skulpt-daslaecheln\/5_CIMG0048.jpg\"\n               data-thumbnail=\"https:\/\/www.windemuth-osterloh.de\/wp-content\/gallery\/skulpt-daslaecheln\/thumbs\/thumbs_5_CIMG0048.jpg\"\n               data-image-id=\"121\"\n               data-title=\"5_CIMG0048\"\n               data-description=\"\"\n               data-image-slug=\"5_cimg0048\"\n               class=\"ngg-fancybox\" rel=\"153\">\n                <img\n                    title=\"5_CIMG0048\"\n                    alt=\"5_CIMG0048\"\n                    src=\"https:\/\/www.windemuth-osterloh.de\/wp-content\/gallery\/skulpt-daslaecheln\/thumbs\/thumbs_5_CIMG0048.jpg\"\n                    width=\"120\"\n                    height=\"120\"\n                    style=\"max-width:100%;\"\n                \/>\n            <\/a>\n        <\/div>\n\t\t\t\t\t\t\t<\/div> \n\t\t\t\n        \n\t\t\t\t<div id=\"ngg-image-5\" class=\"ngg-gallery-thumbnail-box\" >\n\t\t\t\t        <div class=\"ngg-gallery-thumbnail\">\n            <a href=\"https:\/\/www.windemuth-osterloh.de\/wp-content\/gallery\/skulpt-daslaecheln\/CIMG0035-lsz.jpg\"\n               title=\"\"\n               data-src=\"https:\/\/www.windemuth-osterloh.de\/wp-content\/gallery\/skulpt-daslaecheln\/CIMG0035-lsz.jpg\"\n               data-thumbnail=\"https:\/\/www.windemuth-osterloh.de\/wp-content\/gallery\/skulpt-daslaecheln\/thumbs\/thumbs_CIMG0035-lsz.jpg\"\n               data-image-id=\"159\"\n               data-title=\"CIMG0035-lsz\"\n               data-description=\"\"\n               data-image-slug=\"cimg0035-lsz\"\n               class=\"ngg-fancybox\" rel=\"153\">\n                <img\n                    title=\"CIMG0035-lsz\"\n                    alt=\"CIMG0035-lsz\"\n                    src=\"https:\/\/www.windemuth-osterloh.de\/wp-content\/gallery\/skulpt-daslaecheln\/thumbs\/thumbs_CIMG0035-lsz.jpg\"\n                    width=\"120\"\n                    height=\"120\"\n                    style=\"max-width:100%;\"\n                \/>\n            <\/a>\n        <\/div>\n\t\t\t\t\t\t\t<\/div> \n\t\t\t\n        \n\t\t\n\t\t<!-- Pagination -->\n\t<div class='ngg-clear'><\/div>\t<\/div>\n<\/p>\n<p>dem amerikanischen Hirnforscher Barry Reisberg zufolge ist der geistige Verfall eines an Demenz erkrankten Menschen die spiegelbildliche Umkehr der geistigen Entwicklung im Kindesalter.<\/p>\n<p>Das L\u00e4cheln, das der S\u00e4ugling bereits im zweiten bis vierten Monat zeigt, geh\u00f6rt zu den F\u00e4higkeiten, die der demente Mensch als letztes verliert.<\/p>\n","protected":false},"excerpt":{"rendered":"<p>dem amerikanischen Hirnforscher Barry Reisberg zufolge ist der geistige Verfall eines an Demenz erkrankten Menschen die spiegelbildliche Umkehr der geistigen Entwicklung im Kindesalter. Das L\u00e4cheln, das der S\u00e4ugling bereits im zweiten bis vierten Monat zeigt, geh\u00f6rt zu den F\u00e4higkeiten, die der demente Mensch als letztes verliert.<\/p>\n","protected":false},"author":1,"featured_media":0,"parent":4,"menu_order":40,"comment_status":"closed","ping_status":"closed","template":"","meta":{"ngg_post_thumbnail":0},"_links":{"self":[{"href":"https:\/\/www.windemuth-osterloh.de\/index.php?rest_route=\/wp\/v2\/pages\/152"}],"collection":[{"href":"https:\/\/www.windemuth-osterloh.de\/index.php?rest_route=\/wp\/v2\/pages"}],"about":[{"href":"https:\/\/www.windemuth-osterloh.de\/index.php?rest_route=\/wp\/v2\/types\/page"}],"author":[{"embeddable":true,"href":"https:\/\/www.windemuth-osterloh.de\/index.php?rest_route=\/wp\/v2\/users\/1"}],"replies":[{"embeddable":true,"href":"https:\/\/www.windemuth-osterloh.de\/index.php?rest_route=%2Fwp%2Fv2%2Fcomments&post=152"}],"version-history":[{"count":2,"href":"https:\/\/www.windemuth-osterloh.de\/index.php?rest_route=\/wp\/v2\/pages\/152\/revisions"}],"predecessor-version":[{"id":298,"href":"https:\/\/www.windemuth-osterloh.de\/index.php?rest_route=\/wp\/v2\/pages\/152\/revisions\/298"}],"up":[{"embeddable":true,"href":"https:\/\/www.windemuth-osterloh.de\/index.php?rest_route=\/wp\/v2\/pages\/4"}],"wp:attachment":[{"href":"https:\/\/www.windemuth-osterloh.de\/index.php?rest_route=%2Fwp%2Fv2%2Fmedia&parent=152"}],"curies":[{"name":"wp","href":"https:\/\/api.w.org\/{rel}","templated":true}]}}